{"id":59,"date":"2012-01-02T19:01:28","date_gmt":"2012-01-02T19:01:28","guid":{"rendered":"http:\/\/www.leperrierveloclub.com\/?page_id=59"},"modified":"2026-02-23T08:41:30","modified_gmt":"2026-02-23T07:41:30","slug":"agenda","status":"publish","type":"page","link":"http:\/\/www.leperrierveloclub.com\/index.php\/les-actualites\/agenda","title":{"rendered":"Calendrier des courses"},"content":{"rendered":"<h2>T\u00e9l\u00e9charger les calendriers des prochaines courses<\/h2>\n<ul>\n<li><a href=\"http:\/\/www.leperrierveloclub.com\/wp-content\/uploads\/2026\/02\/livretactivitescyclistes2026v2.pdf\" target=\"_blank\" rel=\"noopener\">T\u00e9l\u00e9charger le livre activit\u00e9s Cyclistes UFOLEP Cyclosport et VTT &#8211; 2026<\/a><\/li>\n<\/ul>\n","protected":false},"excerpt":{"rendered":"<p>T\u00e9l\u00e9charger les calendriers des prochaines courses T\u00e9l\u00e9charger le livre activit\u00e9s Cyclistes UFOLEP Cyclosport et VTT &#8211; 2026<\/p>\n","protected":false},"author":1,"featured_media":0,"parent":13,"menu_order":3,"comment_status":"closed","ping_status":"closed","template":"","meta":{"ngg_post_thumbnail":0,"footnotes":""},"class_list":["post-59","page","type-page","status-publish","hentry"],"_links":{"self":[{"href":"http:\/\/www.leperrierveloclub.com\/index.php\/wp-json\/wp\/v2\/pages\/59","targetHints":{"allow":["GET"]}}],"collection":[{"href":"http:\/\/www.leperrierveloclub.com\/index.php\/wp-json\/wp\/v2\/pages"}],"about":[{"href":"http:\/\/www.leperrierveloclub.com\/index.php\/wp-json\/wp\/v2\/types\/page"}],"author":[{"embeddable":true,"href":"http:\/\/www.leperrierveloclub.com\/index.php\/wp-json\/wp\/v2\/users\/1"}],"replies":[{"embeddable":true,"href":"http:\/\/www.leperrierveloclub.com\/index.php\/wp-json\/wp\/v2\/comments?post=59"}],"version-history":[{"count":61,"href":"http:\/\/www.leperrierveloclub.com\/index.php\/wp-json\/wp\/v2\/pages\/59\/revisions"}],"predecessor-version":[{"id":5754,"href":"http:\/\/www.leperrierveloclub.com\/index.php\/wp-json\/wp\/v2\/pages\/59\/revisions\/5754"}],"up":[{"embeddable":true,"href":"http:\/\/www.leperrierveloclub.com\/index.php\/wp-json\/wp\/v2\/pages\/13"}],"wp:attachment":[{"href":"http:\/\/www.leperrierveloclub.com\/index.php\/wp-json\/wp\/v2\/media?parent=59"}],"curies":[{"name":"wp","href":"https:\/\/api.w.org\/{rel}","templated":true}]}}