{"id":416,"date":"2012-02-09T18:25:45","date_gmt":"2012-02-09T18:25:45","guid":{"rendered":"http:\/\/www.leperrierveloclub.com\/?page_id=416"},"modified":"2023-11-13T13:03:44","modified_gmt":"2023-11-13T13:03:44","slug":"engagements","status":"publish","type":"page","link":"http:\/\/www.leperrierveloclub.com\/index.php\/les-actualites\/engagements","title":{"rendered":"Engagements"},"content":{"rendered":"<h2>Engagements \u00e9preuves UFOLEP<\/h2>\n<p lang=\"zxx\"><span style=\"font-family: Comic Sans MS, cursive;\"><span style=\"font-size: large;\"><span style=\"color: #00ff00;\"><b>Nouveaut\u00e9 2020<\/b><\/span>, les engagements<span style=\"color: #00ff00;\"> UFOLEP<\/span> rel\u00e8veront de la responsabilit\u00e9 de chacun via le site internet pr\u00e9vu \u00e0 cet effet. Un rappel de la proc\u00e9dure vous sera communiqu\u00e9 en d\u00e9but de saison.<\/span><\/span><\/p>\n<p lang=\"zxx\"><span style=\"font-family: Comic Sans MS, cursive;\"><span style=\"font-size: large;\">NB: L\u2019engagement sur place est possible pour les comp\u00e9titions <span style=\"color: #00ff00;\">UFOLEP :<\/span> moyennant une majoration des frais d\u2019engagement.<\/span> <\/span><\/p>\n<p lang=\"zxx\"><span style=\"font-family: Comic Sans MS, cursive; color: #00ff00;\"><span style=\"font-size: large;\">Merci de penser \u00e0 vous excuser aupr\u00e8s des clubs organisations en cas d\u2019absence non programm\u00e9e<\/span> <\/span><\/p>\n<p><span style=\"color: #3366ff;\">\u00a0<\/span><\/p>\n","protected":false},"excerpt":{"rendered":"<p>Engagements \u00e9preuves UFOLEP Nouveaut\u00e9 2020, les engagements UFOLEP rel\u00e8veront de la responsabilit\u00e9 de chacun via le site internet pr\u00e9vu \u00e0 cet effet. Un rappel de la proc\u00e9dure vous sera communiqu\u00e9 &#8230;<\/p>\n","protected":false},"author":2,"featured_media":0,"parent":13,"menu_order":2,"comment_status":"closed","ping_status":"closed","template":"","meta":{"ngg_post_thumbnail":0,"footnotes":""},"class_list":["post-416","page","type-page","status-publish","hentry"],"_links":{"self":[{"href":"http:\/\/www.leperrierveloclub.com\/index.php\/wp-json\/wp\/v2\/pages\/416","targetHints":{"allow":["GET"]}}],"collection":[{"href":"http:\/\/www.leperrierveloclub.com\/index.php\/wp-json\/wp\/v2\/pages"}],"about":[{"href":"http:\/\/www.leperrierveloclub.com\/index.php\/wp-json\/wp\/v2\/types\/page"}],"author":[{"embeddable":true,"href":"http:\/\/www.leperrierveloclub.com\/index.php\/wp-json\/wp\/v2\/users\/2"}],"replies":[{"embeddable":true,"href":"http:\/\/www.leperrierveloclub.com\/index.php\/wp-json\/wp\/v2\/comments?post=416"}],"version-history":[{"count":11,"href":"http:\/\/www.leperrierveloclub.com\/index.php\/wp-json\/wp\/v2\/pages\/416\/revisions"}],"predecessor-version":[{"id":5363,"href":"http:\/\/www.leperrierveloclub.com\/index.php\/wp-json\/wp\/v2\/pages\/416\/revisions\/5363"}],"up":[{"embeddable":true,"href":"http:\/\/www.leperrierveloclub.com\/index.php\/wp-json\/wp\/v2\/pages\/13"}],"wp:attachment":[{"href":"http:\/\/www.leperrierveloclub.com\/index.php\/wp-json\/wp\/v2\/media?parent=416"}],"curies":[{"name":"wp","href":"https:\/\/api.w.org\/{rel}","templated":true}]}}