{"id":31,"date":"2011-11-28T18:51:15","date_gmt":"2011-11-28T18:51:15","guid":{"rendered":"http:\/\/www.leperrierveloclub.com\/?page_id=31"},"modified":"2025-05-27T22:02:16","modified_gmt":"2025-05-27T20:02:16","slug":"contacts","status":"publish","type":"page","link":"http:\/\/www.leperrierveloclub.com\/index.php\/le-club\/contacts","title":{"rendered":"Contacts et adresse du club"},"content":{"rendered":"\n<h2 class=\"wp-block-heading\">N&rsquo;h\u00e9sitez pas \u00e0 contacter le club<\/h2>\n\n\n\n<h3 class=\"wp-block-heading\">Pour tout courrier administratif<\/h3>\n\n\n\n<p>Vous pouvez nous contacter par courrier postal \u00e0 l&rsquo;adresse suivante :<\/p>\n\n\n\n<blockquote class=\"wp-block-quote is-layout-flow wp-block-quote-is-layout-flow\">\n<p>Le Perrier V\u00e9lo Club<br>Jean-Fran\u00e7ois JOUBERT<br>11 rue de Lugny<br>85300 Le Perrier<\/p>\n\n\n\n<p>Portable 06 31 03 66 63<br>Mail : jef.joubert@gmail.fr<\/p>\n<\/blockquote>\n\n\n\n<h3 class=\"wp-block-heading\">Pour tout renseignement pratique sur le club (inscription, &#8230;)<\/h3>\n\n\n\n<p>Vous pouvez contacter :<\/p>\n\n\n\n<blockquote class=\"wp-block-quote is-layout-flow wp-block-quote-is-layout-flow\">\n<p>Claude DUPONT<br>10 chemin de la Par\u00e9e verte 85160 Saint Jean de Monts <\/p>\n\n\n\n<p>Portable : 06 62 39 91 21 <br>Mail : <strong>leperrierveloclub@sfr.fr<\/strong><\/p>\n<\/blockquote>\n\n\n\n<h3 class=\"wp-block-heading\">Pour tout renseignement\u00a0 UFOLEP<\/h3>\n\n\n\n<p>Vous pouvez contacter<\/p>\n\n\n\n<blockquote class=\"wp-block-quote is-layout-flow wp-block-quote-is-layout-flow\">\n<p>Jean-Fran\u00e7ois JOUBERT<br>Portable : 06 31 03 66 63<br>Mail : <strong>jef.joubert@gmail.fr<\/strong><\/p>\n<\/blockquote>\n","protected":false},"excerpt":{"rendered":"<p>N&rsquo;h\u00e9sitez pas \u00e0 contacter le club Pour tout courrier administratif Vous pouvez nous contacter par courrier postal \u00e0 l&rsquo;adresse suivante : Le Perrier V\u00e9lo ClubJean-Fran\u00e7ois JOUBERT11 rue de Lugny85300 Le &#8230;<\/p>\n","protected":false},"author":2,"featured_media":0,"parent":23,"menu_order":4,"comment_status":"closed","ping_status":"closed","template":"","meta":{"ngg_post_thumbnail":0,"footnotes":""},"class_list":["post-31","page","type-page","status-publish","hentry"],"_links":{"self":[{"href":"http:\/\/www.leperrierveloclub.com\/index.php\/wp-json\/wp\/v2\/pages\/31","targetHints":{"allow":["GET"]}}],"collection":[{"href":"http:\/\/www.leperrierveloclub.com\/index.php\/wp-json\/wp\/v2\/pages"}],"about":[{"href":"http:\/\/www.leperrierveloclub.com\/index.php\/wp-json\/wp\/v2\/types\/page"}],"author":[{"embeddable":true,"href":"http:\/\/www.leperrierveloclub.com\/index.php\/wp-json\/wp\/v2\/users\/2"}],"replies":[{"embeddable":true,"href":"http:\/\/www.leperrierveloclub.com\/index.php\/wp-json\/wp\/v2\/comments?post=31"}],"version-history":[{"count":29,"href":"http:\/\/www.leperrierveloclub.com\/index.php\/wp-json\/wp\/v2\/pages\/31\/revisions"}],"predecessor-version":[{"id":5654,"href":"http:\/\/www.leperrierveloclub.com\/index.php\/wp-json\/wp\/v2\/pages\/31\/revisions\/5654"}],"up":[{"embeddable":true,"href":"http:\/\/www.leperrierveloclub.com\/index.php\/wp-json\/wp\/v2\/pages\/23"}],"wp:attachment":[{"href":"http:\/\/www.leperrierveloclub.com\/index.php\/wp-json\/wp\/v2\/media?parent=31"}],"curies":[{"name":"wp","href":"https:\/\/api.w.org\/{rel}","templated":true}]}}