{"id":13,"date":"2011-11-13T20:47:04","date_gmt":"2011-11-13T20:47:04","guid":{"rendered":"http:\/\/www.leperrierveloclub.com\/?page_id=13"},"modified":"2025-05-27T22:06:57","modified_gmt":"2025-05-27T20:06:57","slug":"les-actualites","status":"publish","type":"page","link":"http:\/\/www.leperrierveloclub.com\/index.php\/les-actualites","title":{"rendered":"Actualit\u00e9s"},"content":{"rendered":"\n<h2 class=\"wp-block-heading\">Retrouvez les actualit\u00e9s du club<\/h2>\n\n\n\n<h3 class=\"wp-block-heading\">Les calendriers et les engagements du club<\/h3>\n\n\n\n<ul class=\"wp-block-list\">\n<li>Le <a href=\"http:\/\/www.leperrierveloclub.com\/index.php\/les-actualites\/agenda\" data-type=\"page\" data-id=\"59\">calendrier<\/a> des courses <\/li>\n\n\n\n<li>Les <a href=\"http:\/\/www.leperrierveloclub.com\/index.php\/les-actualites\/engagements\" data-type=\"page\" data-id=\"416\">engagements<\/a> \u00e9preuves UFOLEP<\/li>\n<\/ul>\n\n\n\n<p><\/p>\n\n\n\n<h3 class=\"wp-block-heading\">Les derni\u00e8res actualit\u00e9s  :<\/h3>\n\n\n<ul class=\"wp-block-latest-posts__list wp-block-latest-posts\"><li><a class=\"wp-block-latest-posts__post-title\" href=\"http:\/\/www.leperrierveloclub.com\/index.php\/non-classe\/course-ufolep-de-houeilles-47-le-14-09-2025-en-4e-cat-5726\">Course Ufolep de Houeilles (47) le 14\/09\/2025 en 4e Cat.<\/a><\/li>\n<li><a class=\"wp-block-latest-posts__post-title\" href=\"http:\/\/www.leperrierveloclub.com\/index.php\/non-classe\/course-ufolep-de-venansault-le-01-06-2025-en-4e-cat-5721\">Course Ufolep de Venansault le 01\/06\/2025 en 4e Cat.<\/a><\/li>\n<li><a class=\"wp-block-latest-posts__post-title\" href=\"http:\/\/www.leperrierveloclub.com\/index.php\/non-classe\/course-ufolep-de-la-meilleraie-tillay-le-25-05-2025-en-4e-cat-5714\">Course Ufolep de La Meilleraie Tillay le 25\/05\/2025 en 4e Cat.<\/a><\/li>\n<li><a class=\"wp-block-latest-posts__post-title\" href=\"http:\/\/www.leperrierveloclub.com\/index.php\/non-classe\/course-ufolep-de-bazoges-en-paillers-le-11-05-2025-en-4e-cat-5712\">Course Ufolep de Bazoges en Paillers le 11\/05\/2025 en 4e Cat.<\/a><\/li>\n<li><a class=\"wp-block-latest-posts__post-title\" href=\"http:\/\/www.leperrierveloclub.com\/index.php\/non-classe\/course-ufolep-de-st-gilles-croix-de-vie-le-08-05-2025-en-4e-categorie-5710\">Course Ufolep de St Gilles Croix de Vie le 08\/05\/2025 en 4e Cat\u00e9gorie<\/a><\/li>\n<\/ul>\n\n\n<p><\/p>\n","protected":false},"excerpt":{"rendered":"<p>Retrouvez les actualit\u00e9s du club Les calendriers et les engagements du club Les derni\u00e8res actualit\u00e9s :<\/p>\n","protected":false},"author":1,"featured_media":0,"parent":0,"menu_order":1,"comment_status":"closed","ping_status":"closed","template":"","meta":{"ngg_post_thumbnail":0,"footnotes":""},"class_list":["post-13","page","type-page","status-publish","hentry"],"_links":{"self":[{"href":"http:\/\/www.leperrierveloclub.com\/index.php\/wp-json\/wp\/v2\/pages\/13","targetHints":{"allow":["GET"]}}],"collection":[{"href":"http:\/\/www.leperrierveloclub.com\/index.php\/wp-json\/wp\/v2\/pages"}],"about":[{"href":"http:\/\/www.leperrierveloclub.com\/index.php\/wp-json\/wp\/v2\/types\/page"}],"author":[{"embeddable":true,"href":"http:\/\/www.leperrierveloclub.com\/index.php\/wp-json\/wp\/v2\/users\/1"}],"replies":[{"embeddable":true,"href":"http:\/\/www.leperrierveloclub.com\/index.php\/wp-json\/wp\/v2\/comments?post=13"}],"version-history":[{"count":4,"href":"http:\/\/www.leperrierveloclub.com\/index.php\/wp-json\/wp\/v2\/pages\/13\/revisions"}],"predecessor-version":[{"id":5659,"href":"http:\/\/www.leperrierveloclub.com\/index.php\/wp-json\/wp\/v2\/pages\/13\/revisions\/5659"}],"wp:attachment":[{"href":"http:\/\/www.leperrierveloclub.com\/index.php\/wp-json\/wp\/v2\/media?parent=13"}],"curies":[{"name":"wp","href":"https:\/\/api.w.org\/{rel}","templated":true}]}}