{"id":120,"date":"2012-01-04T07:20:47","date_gmt":"2012-01-04T07:20:47","guid":{"rendered":"http:\/\/www.leperrierveloclub.com\/?page_id=120"},"modified":"2025-05-27T21:45:49","modified_gmt":"2025-05-27T19:45:49","slug":"liens-recommandes","status":"publish","type":"page","link":"http:\/\/www.leperrierveloclub.com\/index.php\/les-partenaires-2\/liens-recommandes","title":{"rendered":"Liens recommand\u00e9s"},"content":{"rendered":"\n<h2 class=\"wp-block-heading\">Le Club vous recommande les liens suivants<\/h2>\n\n\n\n<figure class=\"wp-block-table\"><table class=\"has-fixed-layout\"><thead><tr><th>&nbsp;<\/th><th>&nbsp;<\/th><\/tr><\/thead><tbody><tr><td>&nbsp;<figure><a href=\"http:\/\/www.leperrierveloclub.com\/wp-content\/uploads\/2012\/01\/impression-mairie-du-perrier.png\"><img loading=\"lazy\" decoding=\"async\" class=\"alignnone size-thumbnail wp-image-168\" title=\"Impression d'\u00e9cran du site Internet de la Mairie du Perrier\" src=\"http:\/\/www.leperrierveloclub.com\/wp-content\/uploads\/2012\/01\/impression-mairie-du-perrier-150x150.png\" alt=\"\" width=\"150\" height=\"150\"><\/a><\/figure><\/td><td>&nbsp;<figure><a href=\"http:\/\/www.leperrierveloclub.com\/wp-content\/uploads\/2012\/01\/impression-ffc.png\"><img loading=\"lazy\" decoding=\"async\" class=\"alignnone size-thumbnail wp-image-167\" title=\"Impression d'\u00e9cran du site Internet de la F\u00e9d\u00e9ration Fran\u00e7aise de Cyclisme\" src=\"http:\/\/www.leperrierveloclub.com\/wp-content\/uploads\/2012\/01\/impression-ffc-150x150.png\" alt=\"\" width=\"150\" height=\"150\"><\/a><\/figure><\/td><\/tr><tr><td>La Mairie du Perrier<br><a title=\"Lien vers le site Internet de la Mairie du Perrier\" href=\"http:\/\/www.leperrier.fr\" target=\"_blank\" rel=\"noopener\">www.leperrier.fr<\/a><\/td><td>F\u00e9d\u00e9ration Fran\u00e7aise de Cyclisme<br><a title=\"Lien vers le site Internet de la F\u00e9d\u00e9ration Fran\u00e7aise de Cyclisme\" href=\"http:\/\/www.ffc.fr\" target=\"_blank\" rel=\"noopener\">www.ffc.fr<\/a><\/td><\/tr><tr><td>&nbsp;<figure><a href=\"http:\/\/www.leperrierveloclub.com\/wp-content\/uploads\/2012\/01\/impression-comite-vendee.png\"><img loading=\"lazy\" decoding=\"async\" class=\"alignnone size-thumbnail wp-image-166\" title=\"Impression d'\u00e9cran du site Internet du Comit\u00e9 de Vend\u00e9e 85\" src=\"http:\/\/www.leperrierveloclub.com\/wp-content\/uploads\/2012\/01\/impression-comite-vendee-150x150.png\" alt=\"\" width=\"150\" height=\"150\"><\/a><\/figure><\/td><td>&nbsp;<figure><a href=\"http:\/\/www.leperrierveloclub.com\/wp-content\/uploads\/2012\/01\/impression-pass-cyclsime.png\"><img loading=\"lazy\" decoding=\"async\" class=\"alignnone size-thumbnail wp-image-169\" title=\"Impression d'\u00e9cran du site Internet du Pass Cyclisme\" src=\"http:\/\/www.leperrierveloclub.com\/wp-content\/uploads\/2012\/01\/impression-pass-cyclsime-150x150.png\" alt=\"\" width=\"150\" height=\"150\"><\/a><\/figure><\/td><\/tr><tr><td>Comit\u00e9 de Vend\u00e9e 85<br><a title=\"Lien vers le site Internet du Comit\u00e9 de Vend\u00e9e 85\" href=\"http:\/\/www.cd85.fr\" target=\"_blank\" rel=\"noopener\">www.cd85.fr<\/a><\/td><td>Les Pass&rsquo;Cyclisme<br><a title=\"Lien vers le site Internet du Pass'Cyclisme\" href=\"http:\/\/ffc-cyclismepourtous.asso-web.com\/\" target=\"_blank\" rel=\"noopener\">www.ffccyclismepourtous.asso-web.com<\/a><\/td><\/tr><tr><td>&nbsp;<figure><a href=\"http:\/\/www.leperrierveloclub.com\/wp-content\/uploads\/2012\/01\/impression-ufolep-cyclisme.png\"><img loading=\"lazy\" decoding=\"async\" class=\"alignnone size-thumbnail wp-image-170\" title=\"Impression d'\u00e9cran du site Internet de l'UFOLEP Cyclisme\" src=\"http:\/\/www.leperrierveloclub.com\/wp-content\/uploads\/2012\/01\/impression-ufolep-cyclisme-150x150.png\" alt=\"\" width=\"150\" height=\"150\"><\/a><\/figure><\/td><td><figure><a href=\"http:\/\/www.leperrierveloclub.com\/wp-content\/uploads\/2016\/01\/ffc-pays-de-la-loire_800x600.png\"><img loading=\"lazy\" decoding=\"async\" class=\"alignnone size-thumbnail wp-image-170\" title=\"Impression d'\u00e9cran du site de la FFC Pays de la Loire\" src=\"http:\/\/www.leperrierveloclub.com\/wp-content\/uploads\/2016\/01\/ffc-pays-de-la-loire_800x600.png\" alt=\"\" width=\"150\" height=\"150\"><\/a><\/figure><\/td><\/tr><tr><td>UFOLEP Cyclisme<br><a title=\"Lien vers le site Internet de l'UFOLEP Cyclisme\" href=\"http:\/\/cd.ufolep.org\/vendee\" target=\"_blank\" rel=\"noopener\">cd.ufolep.org\/vendee<\/a><\/td><td>FFC Pays de la Loire<br><a href=\"http:\/\/www.pdlcyclisme.com\/\" target=\"_blank\" rel=\"noopener\">www.pdlcyclisme.com<\/a><\/td><\/tr><\/tbody><\/table><\/figure>\n\n\n\n<p><\/p>\n","protected":false},"excerpt":{"rendered":"<p>Le Club vous recommande les liens suivants &nbsp; &nbsp; &nbsp; &nbsp; La Mairie du Perrierwww.leperrier.fr F\u00e9d\u00e9ration Fran\u00e7aise de Cyclismewww.ffc.fr &nbsp; &nbsp; Comit\u00e9 de Vend\u00e9e 85www.cd85.fr Les Pass&rsquo;Cyclismewww.ffccyclismepourtous.asso-web.com &nbsp; UFOLEP Cyclismecd.ufolep.org\/vendee &#8230;<\/p>\n","protected":false},"author":2,"featured_media":0,"parent":26,"menu_order":3,"comment_status":"closed","ping_status":"closed","template":"","meta":{"ngg_post_thumbnail":0,"footnotes":""},"class_list":["post-120","page","type-page","status-publish","hentry"],"_links":{"self":[{"href":"http:\/\/www.leperrierveloclub.com\/index.php\/wp-json\/wp\/v2\/pages\/120","targetHints":{"allow":["GET"]}}],"collection":[{"href":"http:\/\/www.leperrierveloclub.com\/index.php\/wp-json\/wp\/v2\/pages"}],"about":[{"href":"http:\/\/www.leperrierveloclub.com\/index.php\/wp-json\/wp\/v2\/types\/page"}],"author":[{"embeddable":true,"href":"http:\/\/www.leperrierveloclub.com\/index.php\/wp-json\/wp\/v2\/users\/2"}],"replies":[{"embeddable":true,"href":"http:\/\/www.leperrierveloclub.com\/index.php\/wp-json\/wp\/v2\/comments?post=120"}],"version-history":[{"count":22,"href":"http:\/\/www.leperrierveloclub.com\/index.php\/wp-json\/wp\/v2\/pages\/120\/revisions"}],"predecessor-version":[{"id":5637,"href":"http:\/\/www.leperrierveloclub.com\/index.php\/wp-json\/wp\/v2\/pages\/120\/revisions\/5637"}],"up":[{"embeddable":true,"href":"http:\/\/www.leperrierveloclub.com\/index.php\/wp-json\/wp\/v2\/pages\/26"}],"wp:attachment":[{"href":"http:\/\/www.leperrierveloclub.com\/index.php\/wp-json\/wp\/v2\/media?parent=120"}],"curies":[{"name":"wp","href":"https:\/\/api.w.org\/{rel}","templated":true}]}}